{"id":941,"date":"2018-06-12T10:37:27","date_gmt":"2018-06-12T10:37:27","guid":{"rendered":"http:\/\/www.i-c-t.pt\/gteste\/?page_id=941"},"modified":"2019-12-18T11:34:05","modified_gmt":"2019-12-18T11:34:05","slug":"contact","status":"publish","type":"page","link":"https:\/\/www.icterra.pt\/legacy\/index.php\/contact\/","title":{"rendered":"Contacts"},"content":{"rendered":"<p><span style=\"font-size: 12pt; font-family: arial, helvetica, sans-serif;\">\u00c9vora Pole (Universidade de \u00c9vora &#8211; Main Management Institution)<\/span><\/p>\n<p><span style=\"font-size: 12pt; font-family: arial, helvetica, sans-serif;\">Postal Address: Instituto de Ci\u00eancias da Terra, Rua Rom\u00e3o Ramalho, 59<\/span><\/p>\n<p><span style=\"font-size: 12pt; font-family: arial, helvetica, sans-serif;\">7002 &#8211; 554 \u00c9vora<\/span><\/p>\n<p><span style=\"font-size: 12pt; font-family: arial, helvetica, sans-serif;\">Phone: +351 266 740 800<\/span><\/p>\n<p><span style=\"font-size: 12pt; font-family: arial, helvetica, sans-serif;\">e-mail: <a href=\"mailto:ict@uevora.pt\" target=\"_blank\" rel=\"noopener\">ict@uevora.pt<\/a><\/span><\/p>\n<p>&nbsp;<\/p>\n<p>&nbsp;<\/p>\n<p><span style=\"font-size: 12pt; font-family: arial, helvetica, sans-serif;\">Porto Pole (Universidade do Porto)<br \/>\n<\/span><\/p>\n<p><span style=\"font-size: 12pt; font-family: arial, helvetica, sans-serif;\">Faculdade de Ci\u00eancias da Universidade do Porto<\/span><\/p>\n<p><span style=\"font-size: 12pt; font-family: arial, helvetica, sans-serif;\">Departamento de Geoci\u00eancias, Ambiente e Ordenamento do Territ\u00f3rio<\/span><\/p>\n<p><span style=\"font-size: 12pt; font-family: arial, helvetica, sans-serif;\">Rua do Campo Alegre, 687\u00a0<\/span><\/p>\n<p><span style=\"font-size: 12pt; font-family: arial, helvetica, sans-serif;\"> 4169-007 Porto<br \/>\n<\/span><\/p>\n<p><span style=\"font-size: 12pt; font-family: arial, helvetica, sans-serif;\">Phone: +351 220402489<\/span><\/p>\n<p><span style=\"font-family: arial, helvetica, sans-serif; font-size: 12pt;\">e-mail: <a href=\"mailto:ict.porto@fc.up.pt\" target=\"_blank\" rel=\"noopener\">ict.porto@fc.up.pt<\/a><\/span><\/p>\n<p>&nbsp;<\/p>\n<p>&nbsp;<\/p>\n<p><span style=\"font-size: 12pt; font-family: arial, helvetica, sans-serif;\">Minho Pole (Universidade do Minho)<\/span><\/p>\n<p><span style=\"font-size: 12pt; font-family: arial, helvetica, sans-serif;\">Escola de Ci\u00eancias<\/span><\/p>\n<p><span style=\"font-size: 12pt; font-family: arial, helvetica, sans-serif;\">Campus de Gualtar<\/span><\/p>\n<p><span style=\"font-size: 12pt; font-family: arial, helvetica, sans-serif;\">4710-057 Braga<\/span><\/p>\n<p><span style=\"font-size: 12pt; font-family: arial, helvetica, sans-serif;\">Phone: +351 253 601 500<\/span><\/p>\n<p><span style=\"font-size: 12pt; font-family: arial, helvetica, sans-serif;\">e-mail: <a href=\"mailto:cct@dct.uminho.pt\" target=\"_blank\" rel=\"noopener\">cct@dct.uminho.pt<\/a><\/span><\/p>\n","protected":false},"excerpt":{"rendered":"<p>\u00c9vora Pole (Universidade de \u00c9vora &#8211; Main Management Institution) Postal Address: Instituto de Ci\u00eancias da Terra, Rua Rom\u00e3o Ramalho, 59 7002 &#8211; 554 \u00c9vora Phone: +351 266 740 800 e-mail: ict@uevora.pt &nbsp; &nbsp; Porto Pole (Universidade do Porto) Faculdade de Ci\u00eancias da Universidade do Porto Departamento de Geoci\u00eancias, Ambiente e Ordenamento do Territ\u00f3rio Rua do [&hellip;]<\/p>\n","protected":false},"author":2,"featured_media":0,"parent":0,"menu_order":0,"comment_status":"closed","ping_status":"closed","template":"","meta":{"footnotes":""},"_links":{"self":[{"href":"https:\/\/www.icterra.pt\/legacy\/index.php\/wp-json\/wp\/v2\/pages\/941"}],"collection":[{"href":"https:\/\/www.icterra.pt\/legacy\/index.php\/wp-json\/wp\/v2\/pages"}],"about":[{"href":"https:\/\/www.icterra.pt\/legacy\/index.php\/wp-json\/wp\/v2\/types\/page"}],"author":[{"embeddable":true,"href":"https:\/\/www.icterra.pt\/legacy\/index.php\/wp-json\/wp\/v2\/users\/2"}],"replies":[{"embeddable":true,"href":"https:\/\/www.icterra.pt\/legacy\/index.php\/wp-json\/wp\/v2\/comments?post=941"}],"version-history":[{"count":9,"href":"https:\/\/www.icterra.pt\/legacy\/index.php\/wp-json\/wp\/v2\/pages\/941\/revisions"}],"predecessor-version":[{"id":1691,"href":"https:\/\/www.icterra.pt\/legacy\/index.php\/wp-json\/wp\/v2\/pages\/941\/revisions\/1691"}],"wp:attachment":[{"href":"https:\/\/www.icterra.pt\/legacy\/index.php\/wp-json\/wp\/v2\/media?parent=941"}],"curies":[{"name":"wp","href":"https:\/\/api.w.org\/{rel}","templated":true}]}}