{"id":930,"date":"2018-06-12T10:32:26","date_gmt":"2018-06-12T10:32:26","guid":{"rendered":"http:\/\/www.i-c-t.pt\/gteste\/?page_id=930"},"modified":"2022-04-27T10:16:36","modified_gmt":"2022-04-27T10:16:36","slug":"home","status":"publish","type":"page","link":"https:\/\/www.icterra.pt\/legacy\/","title":{"rendered":"27 de abril, 14:30-17:30h: Festival de Ci\u00eancia ECT. Col\u00e9gio Verney"},"content":{"rendered":"<p style=\"text-align: justify;\"><strong><span style=\"font-size: 12pt; font-family: arial, helvetica, sans-serif;\">ATIVIDADES ICT EM CONJUNTO COM OS DEPARTAMENTOS DE F\u00cdSICA, GEOCI\u00caNCIAS, ENGENHARIA MECATR\u00d3NICA e BIOLOGIA<\/span><\/strong><\/p>\n<p>&nbsp;<\/p>\n<p style=\"text-align: justify;\"><span style=\"font-size: 12pt; font-family: arial, helvetica, sans-serif;\">-Como varrer o CO2 para debaixo do tapete?<\/span><\/p>\n<p style=\"text-align: justify;\"><span style=\"font-size: 12pt; font-family: arial, helvetica, sans-serif;\">-Quem sou onde estou?<\/span><\/p>\n<p style=\"text-align: justify;\"><span style=\"font-size: 12pt; font-family: arial, helvetica, sans-serif;\">-O efeito de estufa numa caixa<\/span><\/p>\n<p style=\"text-align: justify;\"><span style=\"font-size: 12pt; font-family: arial, helvetica, sans-serif;\">-Geof\u00edsica no patrim\u00f3nio<\/span><\/p>\n<p style=\"text-align: justify;\"><span style=\"font-size: 12pt; font-family: arial, helvetica, sans-serif;\">-Sentir os sismos<\/span><\/p>\n<p style=\"text-align: justify;\"><span style=\"font-size: 12pt; font-family: arial, helvetica, sans-serif;\">-Ondas Eletromagn\u00e9ticas que atravessam a mat\u00e9ria<\/span><\/p>\n<p style=\"text-align: justify;\"><span style=\"font-size: 12pt; font-family: arial, helvetica, sans-serif;\">-Biodiversidade dos lagos e charcos de \u00c9vora<\/span><\/p>\n<p style=\"text-align: justify;\"><span style=\"font-size: 12pt; font-family: arial, helvetica, sans-serif;\">-Dos mares \u00e0s montanhas&#8230; a hist\u00f3ria surpreendente das pedras<\/span><\/p>\n<p style=\"text-align: justify;\"><span style=\"font-size: 12pt; font-family: arial, helvetica, sans-serif;\">-Sistemas Mecatr\u00f3nicos<\/span><\/p>\n<p style=\"text-align: justify;\"><span style=\"font-size: 12pt; font-family: arial, helvetica, sans-serif;\">-Visita guiada ao observat\u00f3rio da Atmosfera<\/span><\/p>\n<p style=\"text-align: justify;\"><span style=\"font-size: 12pt; font-family: arial, helvetica, sans-serif;\">-Visita guiada \u00e0 esta\u00e7\u00e3o m\u00f3vel da Qualidade do Ar<\/span><\/p>\n","protected":false},"excerpt":{"rendered":"<p>ATIVIDADES ICT EM CONJUNTO COM OS DEPARTAMENTOS DE F\u00cdSICA, GEOCI\u00caNCIAS, ENGENHARIA MECATR\u00d3NICA e BIOLOGIA &nbsp; -Como varrer o CO2 para debaixo do tapete? -Quem sou onde estou? -O efeito de estufa numa caixa -Geof\u00edsica no patrim\u00f3nio -Sentir os sismos -Ondas Eletromagn\u00e9ticas que atravessam a mat\u00e9ria -Biodiversidade dos lagos e charcos de \u00c9vora -Dos mares \u00e0s [&hellip;]<\/p>\n","protected":false},"author":2,"featured_media":4430,"parent":0,"menu_order":0,"comment_status":"closed","ping_status":"closed","template":"page-templates\/page_front-page.php","meta":{"footnotes":""},"_links":{"self":[{"href":"https:\/\/www.icterra.pt\/legacy\/index.php\/wp-json\/wp\/v2\/pages\/930"}],"collection":[{"href":"https:\/\/www.icterra.pt\/legacy\/index.php\/wp-json\/wp\/v2\/pages"}],"about":[{"href":"https:\/\/www.icterra.pt\/legacy\/index.php\/wp-json\/wp\/v2\/types\/page"}],"author":[{"embeddable":true,"href":"https:\/\/www.icterra.pt\/legacy\/index.php\/wp-json\/wp\/v2\/users\/2"}],"replies":[{"embeddable":true,"href":"https:\/\/www.icterra.pt\/legacy\/index.php\/wp-json\/wp\/v2\/comments?post=930"}],"version-history":[{"count":29,"href":"https:\/\/www.icterra.pt\/legacy\/index.php\/wp-json\/wp\/v2\/pages\/930\/revisions"}],"predecessor-version":[{"id":4431,"href":"https:\/\/www.icterra.pt\/legacy\/index.php\/wp-json\/wp\/v2\/pages\/930\/revisions\/4431"}],"wp:featuredmedia":[{"embeddable":true,"href":"https:\/\/www.icterra.pt\/legacy\/index.php\/wp-json\/wp\/v2\/media\/4430"}],"wp:attachment":[{"href":"https:\/\/www.icterra.pt\/legacy\/index.php\/wp-json\/wp\/v2\/media?parent=930"}],"curies":[{"name":"wp","href":"https:\/\/api.w.org\/{rel}","templated":true}]}}