{"id":1478,"date":"2019-12-02T12:38:09","date_gmt":"2019-12-02T12:38:09","guid":{"rendered":"http:\/\/www.icterra.pt\/?page_id=1478"},"modified":"2020-11-10T10:53:49","modified_gmt":"2020-11-10T10:53:49","slug":"facilities","status":"publish","type":"page","link":"https:\/\/www.icterra.pt\/legacy\/index.php\/facilities\/","title":{"rendered":"Facilities"},"content":{"rendered":"<p><span style=\"font-size: 12pt; font-family: arial, helvetica, sans-serif;\"><a href=\"http:\/\/www.icterra.pt\/index.php\/laboratorio-de-instrumentacao-e-controle-instrumentation-and-control\/\">Laborat\u00f3rio de instrumenta\u00e7\u00e3o e controle<\/a><\/span><\/p>\n<p>&nbsp;<\/p>\n<p><span style=\"font-size: 12pt; font-family: arial, helvetica, sans-serif;\"><a href=\"https:\/\/www.investigar.uevora.pt\/investigacao\/unidades_investigacao\/laboratorio_investigacao\/(id)\/2196\">Laborat\u00f3rio da \u00c1gua<\/a><\/span><\/p>\n<p>&nbsp;<\/p>\n<p><a href=\"http:\/\/www.icterra.pt\/g3\/index.php\/labcmg\/\"><span style=\"font-size: 12pt; font-family: arial, helvetica, sans-serif;\">Laboratory for Characterization of Geological Materials<\/span><\/a><\/p>\n<p>&nbsp;<\/p>\n<p><span style=\"font-family: arial, helvetica, sans-serif; font-size: 12pt;\">AmbiTerra<\/span><\/p>\n","protected":false},"excerpt":{"rendered":"<p>Laborat\u00f3rio de instrumenta\u00e7\u00e3o e controle &nbsp; Laborat\u00f3rio da \u00c1gua &nbsp; Laboratory for Characterization of Geological Materials &nbsp; AmbiTerra<\/p>\n","protected":false},"author":3,"featured_media":0,"parent":0,"menu_order":0,"comment_status":"closed","ping_status":"closed","template":"","meta":{"footnotes":""},"_links":{"self":[{"href":"https:\/\/www.icterra.pt\/legacy\/index.php\/wp-json\/wp\/v2\/pages\/1478"}],"collection":[{"href":"https:\/\/www.icterra.pt\/legacy\/index.php\/wp-json\/wp\/v2\/pages"}],"about":[{"href":"https:\/\/www.icterra.pt\/legacy\/index.php\/wp-json\/wp\/v2\/types\/page"}],"author":[{"embeddable":true,"href":"https:\/\/www.icterra.pt\/legacy\/index.php\/wp-json\/wp\/v2\/users\/3"}],"replies":[{"embeddable":true,"href":"https:\/\/www.icterra.pt\/legacy\/index.php\/wp-json\/wp\/v2\/comments?post=1478"}],"version-history":[{"count":9,"href":"https:\/\/www.icterra.pt\/legacy\/index.php\/wp-json\/wp\/v2\/pages\/1478\/revisions"}],"predecessor-version":[{"id":2820,"href":"https:\/\/www.icterra.pt\/legacy\/index.php\/wp-json\/wp\/v2\/pages\/1478\/revisions\/2820"}],"wp:attachment":[{"href":"https:\/\/www.icterra.pt\/legacy\/index.php\/wp-json\/wp\/v2\/media?parent=1478"}],"curies":[{"name":"wp","href":"https:\/\/api.w.org\/{rel}","templated":true}]}}