{"id":1464,"date":"2019-12-02T12:33:03","date_gmt":"2019-12-02T12:33:03","guid":{"rendered":"http:\/\/www.icterra.pt\/?page_id=1464"},"modified":"2022-06-24T10:28:26","modified_gmt":"2022-06-24T10:28:26","slug":"community","status":"publish","type":"page","link":"https:\/\/www.icterra.pt\/legacy\/index.php\/community\/","title":{"rendered":"Science and society"},"content":{"rendered":"<p><span style=\"font-family: arial, helvetica, sans-serif; font-size: 12pt;\"><a href=\"https:\/\/www.rtp.pt\/play\/p5373\/e409870\/biosfera\">ALOP &#8211; Alentejo, Observation and Prediction Systems<\/a><\/span><\/p>\n<p>&nbsp;<\/p>\n<p>&nbsp;<\/p>\n<p><span style=\"font-family: arial, helvetica, sans-serif;\"><a href=\"http:\/\/www.ccvestremoz.uevora.pt\/home\/\"><img loading=\"lazy\" decoding=\"async\" class=\"size-full wp-image-1619 alignleft\" src=\"https:\/\/www.icterra.pt\/wp-content\/uploads\/2019\/12\/centro-ci\u00eancia-viva-estremoz.png\" alt=\"\" width=\"220\" height=\"120\" \/><\/a><\/span><\/p>\n<p><span style=\"font-family: arial, helvetica, sans-serif; font-size: 12pt;\"><a href=\"http:\/\/www.ccvestremoz.uevora.pt\/home\/\">Centro Ci\u00eancia Viva de Estremoz<\/a><\/span><\/p>\n<p><span style=\"font-family: arial, helvetica, sans-serif; font-size: 12pt;\">The &#8220;Centro Ci\u00eancia Viva de Estremoz\u201d is a ICT partner. It promotes science education and outreach, particular on geosciences topics and it is a member of a national network of science centres.<\/span><\/p>\n<p>&nbsp;<\/p>\n<p><span style=\"font-family: arial, helvetica, sans-serif;\">\u00a0<\/span><br \/>\n<span style=\"font-family: arial, helvetica, sans-serif;\">\u00a0<\/span><\/p>\n<p>&nbsp;<\/p>\n<p>&nbsp;<\/p>\n<p><img loading=\"lazy\" decoding=\"async\" width=\"300\" height=\"143\" class=\"wp-image-2430 size-full alignleft\" src=\"https:\/\/www.icterra.pt\/wp-content\/uploads\/2020\/06\/Pasted-into-Science-and-society.png\" \/><\/p>\n<p>&nbsp;<\/p>\n<p><span style=\"font-size: 12pt; font-family: arial, helvetica, sans-serif;\">CILIFO &#8211; <a href=\"http:\/\/cilifo.eu\/\">Centro Ib\u00e9rico de Investiga\u00e7\u00e3o<\/a><a href=\"http:\/\/cilifo.eu\/\">\u00a0e Combate aos Inc\u00eandios Florestais<\/a><\/span><\/p>\n<p>&nbsp;<\/p>\n<p>&nbsp;<\/p>\n<p>&nbsp;<\/p>\n<p>&nbsp;<\/p>\n<p><img loading=\"lazy\" decoding=\"async\" class=\"size-medium wp-image-1833 alignleft\" src=\"https:\/\/www.icterra.pt\/wp-content\/uploads\/2020\/01\/zom3d-300x66.png\" alt=\"\" width=\"300\" height=\"66\" srcset=\"https:\/\/www.icterra.pt\/legacy\/wp-content\/uploads\/2020\/01\/zom3d-300x66.png 300w, https:\/\/www.icterra.pt\/legacy\/wp-content\/uploads\/2020\/01\/zom3d.png 480w\" sizes=\"(max-width: 300px) 100vw, 300px\" \/><\/p>\n<p><span style=\"font-size: 12pt; font-family: arial, helvetica, sans-serif;\">\u00a0 \u00a0<\/span><\/p>\n<p><span style=\"font-size: 12pt; font-family: arial, helvetica, sans-serif;\">ZOM3D &#8211; <a href=\"https:\/\/www.youtube.com\/c\/ZOM3D\">https:\/\/www.youtube.com\/c\/ZOM3D<\/a><\/span><\/p>\n<p>&nbsp;<\/p>\n<p><a href=\"https:\/\/www.icterra.pt\/index.php\/masjorge\/\"><span style=\"font-size: 12pt; font-family: arial, helvetica, sans-serif;\">MASJORGE<\/span><\/a><\/p>\n<p>&nbsp;<\/p>\n","protected":false},"excerpt":{"rendered":"<p>ALOP &#8211; Alentejo, Observation and Prediction Systems &nbsp; &nbsp; Centro Ci\u00eancia Viva de Estremoz The &#8220;Centro Ci\u00eancia Viva de Estremoz\u201d is a ICT partner. It promotes science education and outreach, particular on geosciences topics and it is a member of a national network of science centres. &nbsp; \u00a0 \u00a0 &nbsp; &nbsp; &nbsp; CILIFO &#8211; Centro [&hellip;]<\/p>\n","protected":false},"author":3,"featured_media":0,"parent":0,"menu_order":0,"comment_status":"closed","ping_status":"closed","template":"","meta":{"footnotes":""},"_links":{"self":[{"href":"https:\/\/www.icterra.pt\/legacy\/index.php\/wp-json\/wp\/v2\/pages\/1464"}],"collection":[{"href":"https:\/\/www.icterra.pt\/legacy\/index.php\/wp-json\/wp\/v2\/pages"}],"about":[{"href":"https:\/\/www.icterra.pt\/legacy\/index.php\/wp-json\/wp\/v2\/types\/page"}],"author":[{"embeddable":true,"href":"https:\/\/www.icterra.pt\/legacy\/index.php\/wp-json\/wp\/v2\/users\/3"}],"replies":[{"embeddable":true,"href":"https:\/\/www.icterra.pt\/legacy\/index.php\/wp-json\/wp\/v2\/comments?post=1464"}],"version-history":[{"count":16,"href":"https:\/\/www.icterra.pt\/legacy\/index.php\/wp-json\/wp\/v2\/pages\/1464\/revisions"}],"predecessor-version":[{"id":4544,"href":"https:\/\/www.icterra.pt\/legacy\/index.php\/wp-json\/wp\/v2\/pages\/1464\/revisions\/4544"}],"wp:attachment":[{"href":"https:\/\/www.icterra.pt\/legacy\/index.php\/wp-json\/wp\/v2\/media?parent=1464"}],"curies":[{"name":"wp","href":"https:\/\/api.w.org\/{rel}","templated":true}]}}