{"id":1461,"date":"2019-12-02T12:32:41","date_gmt":"2019-12-02T12:32:41","guid":{"rendered":"http:\/\/www.icterra.pt\/?page_id=1461"},"modified":"2023-02-16T10:07:30","modified_gmt":"2023-02-16T10:07:30","slug":"protected","status":"publish","type":"page","link":"https:\/\/www.icterra.pt\/legacy\/index.php\/protected\/","title":{"rendered":"Public"},"content":{"rendered":"<ul>\n<li><span style=\"font-family: arial, helvetica, sans-serif;\"><a href=\"http:\/\/www.icterra.pt\/wp-content\/uploads\/2019\/11\/Estatuto-e-Regulamento-do-ICT.pdf\"><span style=\"font-size: 12pt;\">Estatuto e Regulamento do ICT<\/span><\/a><\/span><\/li>\n<li><span style=\"font-family: arial, helvetica, sans-serif; font-size: 12pt;\"><a href=\"http:\/\/www.icterra.pt\/wp-content\/uploads\/2019\/11\/Altera\u00e7\u00f5es-ao-Regulamento-do-ICT.pdf\">Altera\u00e7\u00f5es ao Regulamento do ICT<\/a><\/span><\/li>\n<li><span style=\"font-family: arial, helvetica, sans-serif; font-size: 12pt;\"><a href=\"http:\/\/www.icterra.pt\/wp-content\/uploads\/2020\/04\/WebinarEN_08042020.pdf\">Presentation slidedeck for the new national curricula management platform CI\u00caNCIAVITAE<\/a><\/span><\/li>\n<li><span style=\"font-size: 12pt;\"><a href=\"http:\/\/www.icterra.pt\/wp-content\/uploads\/2020\/04\/Highlights_2013_18.pdf\"><span style=\"font-family: arial, helvetica, sans-serif;\">International Highlights 2013-2018<\/span><\/a><\/span><\/li>\n<li><a href=\"https:\/\/www.icterra.pt\/wp-content\/uploads\/2023\/02\/Relato\u0301rio-2022_ICT_G3-final.pdf\"><span style=\"font-size: 12pt; font-family: arial, helvetica, sans-serif;\">Relat\u00f3rio G3 2022<\/span><\/a><\/li>\n<li style=\"text-align: justify;\"><a href=\"https:\/\/www.icterra.pt\/wp-content\/uploads\/2022\/02\/Relato\u0301rio-2021_ICT_G3_9fev.pdf\"><span style=\"font-family: arial, helvetica, sans-serif; font-size: 12pt;\">Relat\u00f3rio G3 2021<\/span><\/a><\/li>\n<li><span style=\"font-size: 12pt;\"><a href=\"https:\/\/www.icterra.pt\/wp-content\/uploads\/2021\/03\/Relat\u00f3rio-2020_ICT_G3.pdf\"><span style=\"font-family: arial, helvetica, sans-serif;\">Relat\u00f3rio G3 2020<\/span><\/a><\/span><\/li>\n<li><a href=\"https:\/\/www.icterra.pt\/wp-content\/uploads\/2023\/02\/Abstract-book-JICT23.pdf\"><span style=\"font-family: arial, helvetica, sans-serif; font-size: 12pt;\">Livro de resumos Jornadas do ICT 2023<\/span><\/a><\/li>\n<li><a href=\"https:\/\/www.icterra.pt\/wp-content\/uploads\/2023\/02\/Livro_Resumos_Jornadas_ICT_2022-2.pdf\"><span style=\"font-size: 12pt; font-family: arial, helvetica, sans-serif;\">Livro de resumos Jornadas do ICT 2022<\/span><\/a><\/li>\n<li><a href=\"https:\/\/www.icterra.pt\/wp-content\/uploads\/2021\/09\/Livro-de-resumos-Jornadas-do-ICT-2021.pdf\"><span style=\"font-size: 12pt; font-family: arial, helvetica, sans-serif;\">Livro de resumos Jornadas do ICT 2021<\/span><\/a><\/li>\n<li style=\"text-align: justify;\"><a href=\"https:\/\/www.icterra.pt\/wp-content\/uploads\/2021\/09\/ICT_Report_2020.pdf\"><span style=\"font-size: 12pt; font-family: arial, helvetica, sans-serif;\">ICT Report 2020<\/span><\/a><\/li>\n<li style=\"text-align: justify;\"><a href=\"https:\/\/www.icterra.pt\/wp-content\/uploads\/2021\/09\/ICT_Report_2020.pdf\"><span style=\"font-size: 12pt; font-family: arial, helvetica, sans-serif;\">ICT Publications 2020<\/span><\/a><\/li>\n<li style=\"text-align: justify;\"><a href=\"https:\/\/www.icterra.pt\/wp-content\/uploads\/2021\/09\/ICT_Report_2019.pdf\"><span style=\"font-size: 12pt; font-family: arial, helvetica, sans-serif;\">ICT Report 2019<\/span><\/a><\/li>\n<li style=\"text-align: justify;\"><a href=\"https:\/\/www.icterra.pt\/wp-content\/uploads\/2021\/09\/ICT_Report_2019.pdf\"><span style=\"font-size: 12pt; font-family: arial, helvetica, sans-serif;\">ICT Publications 2019<\/span><\/a><\/li>\n<\/ul>\n","protected":false},"excerpt":{"rendered":"<p>Estatuto e Regulamento do ICT Altera\u00e7\u00f5es ao Regulamento do ICT Presentation slidedeck for the new national curricula management platform CI\u00caNCIAVITAE International Highlights 2013-2018 Relat\u00f3rio G3 2022 Relat\u00f3rio G3 2021 Relat\u00f3rio G3 2020 Livro de resumos Jornadas do ICT 2023 Livro de resumos Jornadas do ICT 2022 Livro de resumos Jornadas do ICT 2021 ICT Report [&hellip;]<\/p>\n","protected":false},"author":3,"featured_media":0,"parent":0,"menu_order":0,"comment_status":"closed","ping_status":"closed","template":"","meta":{"footnotes":""},"_links":{"self":[{"href":"https:\/\/www.icterra.pt\/legacy\/index.php\/wp-json\/wp\/v2\/pages\/1461"}],"collection":[{"href":"https:\/\/www.icterra.pt\/legacy\/index.php\/wp-json\/wp\/v2\/pages"}],"about":[{"href":"https:\/\/www.icterra.pt\/legacy\/index.php\/wp-json\/wp\/v2\/types\/page"}],"author":[{"embeddable":true,"href":"https:\/\/www.icterra.pt\/legacy\/index.php\/wp-json\/wp\/v2\/users\/3"}],"replies":[{"embeddable":true,"href":"https:\/\/www.icterra.pt\/legacy\/index.php\/wp-json\/wp\/v2\/comments?post=1461"}],"version-history":[{"count":18,"href":"https:\/\/www.icterra.pt\/legacy\/index.php\/wp-json\/wp\/v2\/pages\/1461\/revisions"}],"predecessor-version":[{"id":5056,"href":"https:\/\/www.icterra.pt\/legacy\/index.php\/wp-json\/wp\/v2\/pages\/1461\/revisions\/5056"}],"wp:attachment":[{"href":"https:\/\/www.icterra.pt\/legacy\/index.php\/wp-json\/wp\/v2\/media?parent=1461"}],"curies":[{"name":"wp","href":"https:\/\/api.w.org\/{rel}","templated":true}]}}